{"id":1826,"date":"2024-02-06T15:14:17","date_gmt":"2024-02-06T15:14:17","guid":{"rendered":"https:\/\/modernova.com.co\/?page_id=1826"},"modified":"2024-02-06T15:18:40","modified_gmt":"2024-02-06T15:18:40","slug":"loginprop","status":"publish","type":"page","link":"https:\/\/modernova.com.co\/index.php\/loginprop\/","title":{"rendered":"loginprop"},"content":{"rendered":"\t\t<div data-elementor-type=\"wp-page\" data-elementor-id=\"1826\" class=\"elementor elementor-1826\" data-elementor-post-type=\"page\">\n\t\t\t\t<div class=\"elementor-element elementor-element-a52528a e-flex e-con-boxed e-con e-parent\" data-id=\"a52528a\" data-element_type=\"container\" data-settings=\"{&quot;background_background&quot;:&quot;classic&quot;}\">\n\t\t\t\t\t<div class=\"e-con-inner\">\n\t\t\t\t<div class=\"elementor-element elementor-element-71654f0 elementor-widget elementor-widget-shortcode\" data-id=\"71654f0\" data-element_type=\"widget\" data-widget_type=\"shortcode.default\">\n\t\t\t\t<div class=\"elementor-widget-container\">\n\t\t\t\t\t\t\t<div class=\"elementor-shortcode\"> <div class=\"es-auth js-es-auth content-font\">\n                    <div class=\"es-auth__item es-auth__login-buttons \">\n\t        <h3 class=\"heading-font\">Logeate o Registrate <\/h3>\n\t\n\t        <p>Para guardar tus casas favoritas<\/p>\n\t\n\t\t\t\t\t\t\t\t\t        <a href=\"#\" data-auth-item=\"login-form\" class=\"js-es-auth-item__switcher es-btn es-btn--default es-btn--auth \">\n\t\t\tIniciar sesi\u00f3n con correo electr\u00f3nico\n        <\/a>\n\t\n\t        <p class=\"sign-in-text\">\u00bfNo tienes una cuenta? <a href=\"#\" data-auth-item=\"buyer-register-buttons\" class=\"js-es-auth-item__switcher\">Inscribirse<\/a><\/p>\n\t\n    <div class=\"es-space\"><\/div>\n<\/div>\n        <div class=\"es-auth__item js-es-auth__login-form es-auth__login-form es-auth__item--hidden\">\n\t        <h3 class=\"heading-font\">Logeate o Registrate <\/h3>\n\t\n\t        <p>Para guardar tus casas favoritas<\/p>\n\t\n    <div class=\"all-login-back\">\n        <a href=\"#\" data-auth-item=\"login-buttons\" class=\"js-es-auth-item__switcher\">\n            <span class=\"es-icon es-icon_chevron-left\"><\/span>Todas las opciones de inicio de sesi\u00f3n        <\/a>\n    <\/div>\n\n    <form action=\"\" method=\"POST\">\n\t\t\n                               <div class='es-field es-field__es_user_login es-field--text '>\n                                   <label for='es_user_login-69f2a2e4c4ba1'><span class='es-field__label'>Email<\/span><input id=\"es_user_login-69f2a2e4c4ba1\" name=\"es_user_login\" class=\"es-field__input\" required=\"required\" autocomplete=\"username\" type=\"text\" value=\"\" \/><\/label>\n                               <\/div>\n                           \n                                   <div class='es-field es-field__es_user_password es-field--password '>\n                                       <label for='es_user_password-69f2a2e4c8afc'><span class='es-field__label'>Contrase\u00f1a<\/span><div class='es-input__wrap'><input id=\"es_user_password-69f2a2e4c8afc\" name=\"es_user_password\" class=\"es-field__input\" required=\"required\" autocomplete=\"current-password\" type=\"password\" value=\"\" \/><a href='#' class='es-toggle-pwd js-es-toggle-pwd'><span class='es-icon es-icon_eye'><\/span><\/a><\/div><\/label>\n                                   <\/div>\n                                       <div class=\"forgot-pwd\">\n            <a href=\"#\" data-auth-item=\"reset-form\" class=\"js-es-auth-item__switcher\">\u00bfSe te olvid\u00f3 tu contrase\u00f1a?<\/a>\n        <\/div>\n\n\t\t        <input type=\"hidden\" name=\"uniqid\" value=\"69f2a2e4c8b1c\"\/>\n\t\t<input type=\"hidden\" id=\"es_auth_nonce_69f2a2e4c8b1c\" name=\"es_auth_nonce_69f2a2e4c8b1c\" value=\"6c15e5ffd8\" \/><input type=\"hidden\" name=\"_wp_http_referer\" value=\"\/index.php\/wp-json\/wp\/v2\/pages\/1826\" \/>\t            <button type=\"submit\" class=\"es-btn es-btn--primary js-es-btn--login es-btn--login\" disabled>Iniciar sesi\u00f3n<\/button>\n    <\/form>\n\n\t        <p class=\"sign-in-text\">\u00bfNo tienes una cuenta? <a href=\"#\" class=\"js-es-auth-item__switcher\" data-auth-item=\"buyer-register-buttons\">Inscribirse<\/a>\n<\/p>\n\t    <div class=\"es-space\"><\/div>\n<\/div>\n        <div class=\"es-auth__item es-auth__reset-form es-auth__item--hidden\">\n    <h3 class=\"heading-font\">Reset password<\/h3>\n    <p>Ingrese su direcci\u00f3n de correo electr\u00f3nico y le enviaremos un enlace para cambiar su contrase\u00f1a.<\/p>\n\n    <form action=\"\" method=\"POST\">\n\t\t\n        <input type=\"hidden\" name=\"uniqid\" value=\"69f2a2e4ca9a9\"\/>\n\n\t\t\t\t\t\n                               <div class='es-field es-field__es_user_email es-field--email '>\n                                   <label for='es_user_email-69f2a2e4ca9bb'><span class='es-field__label'>Email<\/span><input id=\"es_user_email-69f2a2e4ca9bb\" name=\"es_user_email\" class=\"es-field__input\" required=\"required\" autocomplete=\"username\" type=\"email\" value=\"\" \/><\/label>\n                               <\/div>\n                           \t\t\t<input type=\"hidden\" id=\"es_retrieve_pwd_nonce_69f2a2e4ca9a9\" name=\"es_retrieve_pwd_nonce_69f2a2e4ca9a9\" value=\"c973120cdd\" \/><input type=\"hidden\" name=\"_wp_http_referer\" value=\"\/index.php\/wp-json\/wp\/v2\/pages\/1826\" \/>\t\t\t            <button type=\"submit\" class=\"es-btn es-btn--primary es-btn--reset\">Enviar enlace de reinicio<\/button>\n\t\t\n        <div><a href=\"#\" data-auth-item=\"login-buttons\" class=\"js-es-auth-item__switcher login-back\"><span class=\"es-icon es-icon_chevron-left\"><\/span>Atr\u00e1s para iniciar sesi\u00f3n\n<\/a><\/div>\n    <\/form>\n    <div class=\"es-space\"><\/div>\n<\/div>\n\t                <div class=\"es-auth__item es-auth__buyer-register-buttons es-auth__item--hidden\">\n\t        <h3 class=\"heading-font\">Empieza con una cuenta<\/h3>\n\t\n\t        <p>Guarda tus Viviendas favoritas<\/p>\n\t\n\t\t\t\t\t\t\t\t\t        <a href=\"#\" data-auth-item=\"buyer-register-form\" class=\"js-es-auth-item__switcher es-btn es-btn--default es-btn--auth \">Ingresa con e-mail<\/a>\n\t\n    <p class=\"sign-in-text\">\u00bfYa tienes una cuenta? <a href=\"#\" data-auth-item=\"login-buttons\" class=\"js-es-auth-item__switcher\">Iniciar sesi\u00f3n<\/a><\/p>\n    <div class=\"es-space\"><\/div>\n<\/div>\n            <div class=\"es-auth__item es-auth__buyer-register-form es-auth__item--hidden\">\n\t        <h3 class=\"heading-font\">Empieza con una cuenta<\/h3>\n\t\n\t        <p>Guarda tus Viviendas favoritas<\/p>\n\t\n    <div class=\"all-login-back\">\n        <a href=\"#\" class=\"js-es-auth-item__switcher\" data-auth-item=\"buyer-register-buttons\">\n            <span class=\"es-icon es-icon_chevron-left\"><\/span>Todas las opciones de registro        <\/a>\n    <\/div>\n\n    <form action=\"\" method=\"POST\">\n\t\t        <input type=\"hidden\" name=\"uniqid\" value=\"69f2a2e4cade2\"\/>\n        <input type=\"hidden\" id=\"es_register_nonce_69f2a2e4cade2\" name=\"es_register_nonce_69f2a2e4cade2\" value=\"3116d70334\" \/><input type=\"hidden\" name=\"_wp_http_referer\" value=\"\/index.php\/wp-json\/wp\/v2\/pages\/1826\" \/><input id=\"redirect_url-69f2a2e4cae00\" name=\"redirect_url\" class=\"es-field__input\" type=\"hidden\" value=\"\" \/><input id=\"es_type-69f2a2e4cae1f\" name=\"es_type\" class=\"es-field__input\" type=\"hidden\" value=\"buyer\" \/>\n                               <div class='es-field es-field__es_user_email es-field--email '>\n                                   <label for='es_user_email-69f2a2e4cae38'><span class='es-field__label'>Email<\/span><input id=\"es_user_email-69f2a2e4cae38\" name=\"es_user_email\" class=\"es-field__input\" required=\"required\" autocomplete=\"username\" type=\"email\" value=\"\" \/><p class='es-field__description'>Lo usar\u00e1 para iniciar sesi\u00f3n y nosotros lo usaremos para comunicarnos con usted.\n<\/p><\/label>\n                               <\/div>\n                           \n                                   <div class='es-field es-field__es_user_password es-field--password '>\n                                       <label for='es_user_password-69f2a2e4cae5d'><span class='es-field__label'>Contrase\u00f1a<\/span><div class='es-input__wrap'><input id=\"es_user_password-69f2a2e4cae5d\" name=\"es_user_password\" class=\"js-es-password-field es-field__input\" required=\"required\" minlength=\"8\" autocomplete=\"new-password\" type=\"password\" value=\"\" \/><a href='#' class='es-toggle-pwd js-es-toggle-pwd'><span class='es-icon es-icon_eye'><\/span><\/a><\/div><p class='es-field__description'><ul class='es-field__validate-list'>\n                                <li class='es-validate-item es-validate-item__contain'>No puede contener el nombre o la direcci\u00f3n de correo electr\u00f3nico.<\/li>\n                                <li class='es-validate-item es-validate-item__length'>Al menos 8 car\u00e1cteres<\/li>\n                                <li class='es-validate-item es-validate-item__char'>Contiene un n\u00famero o s\u00edmbolo.<\/li>\n                            <\/ul><\/p><\/label>\n                                   <\/div>\n                               \n\t    \n        <button type=\"submit\" disabled class=\"es-btn es-btn--primary es-btn--signup\">Inscribirse\n<\/button>\n\t\t<div class='es-privacy-policy-container'><div class='es-field es-field__terms_conditions es-field--checkbox '>\n\t\t\t<input type='hidden' name='terms_conditions' value='0'\/>\n\t\t\t<input id=\"terms-conditions-69f2a2e4cb2c9\" name=\"terms_conditions\" class=\"es-field__input\" value=\"1\" required=\"required\" type=\"checkbox\" \/>\n\t\t<!----><label for='terms-conditions-69f2a2e4cb2c9'><\/label><\/div><div class='es-terms-text'>I agree to the <a href='https:\/\/modernova.com.co\/index.php\/terms-conditions\/' class='es-terms-link'>Condiciones de uso\n<\/a> and <a href='https:\/\/modernova.com.co\/index.php\/privacy-policy-2\/' class='es-terms-link'>Pol\u00edtica de privacidad<\/a><\/div><\/div>        <p class=\"sign-in-text\">\u00bfYa tienes una cuenta? <a href=\"#\" class=\"js-es-auth-item__switcher\" data-auth-item=\"login-buttons\">Iniciar sesi\u00f3n<\/a>\n<\/p>\n    <\/form>\n    <div class=\"es-space\"><\/div>\n<\/div>\n            \n    <div class='es-powered content-font'>Powered by <a target='_blank' href='https:\/\/estatik.net'>Estatik<\/a><\/div><\/div>\n<\/div>\n\t\t\t\t\t\t<\/div>\n\t\t\t\t<\/div>\n\t\t\t\t\t<\/div>\n\t\t\t\t<\/div>\n\t\t\t\t<\/div>\n\t\t","protected":false},"excerpt":{"rendered":"","protected":false},"author":1,"featured_media":0,"parent":0,"menu_order":0,"comment_status":"closed","ping_status":"closed","template":"","meta":{"give_campaign_id":0,"site-sidebar-layout":"no-sidebar","site-content-layout":"page-builder","ast-site-content-layout":"full-width-container","site-content-style":"default","site-sidebar-style":"default","ast-global-header-display":"","ast-banner-title-visibility":"","ast-main-header-display":"","ast-hfb-above-header-display":"","ast-hfb-below-header-display":"","ast-hfb-mobile-header-display":"","site-post-title":"disabled","ast-breadcrumbs-content":"","ast-featured-img":"disabled","footer-sml-layout":"","theme-transparent-header-meta":"","adv-header-id-meta":"","stick-header-meta":"","header-above-stick-meta":"","header-main-stick-meta":"","header-below-stick-meta":"","astra-migrate-meta-layouts":"","ast-page-background-enabled":"default","ast-page-background-meta":{"desktop":{"background-color":"","background-image":"","background-repeat":"repeat","background-position":"center center","background-size":"auto","background-attachment":"scroll","background-type":"","background-media":"","overlay-type":"","overlay-color":"","overlay-gradient":""},"tablet":{"background-color":"","background-image":"","background-repeat":"repeat","background-position":"center center","background-size":"auto","background-attachment":"scroll","background-type":"","background-media":"","overlay-type":"","overlay-color":"","overlay-gradient":""},"mobile":{"background-color":"","background-image":"","background-repeat":"repeat","background-position":"center center","background-size":"auto","background-attachment":"scroll","background-type":"","background-media":"","overlay-type":"","overlay-color":"","overlay-gradient":""}},"ast-content-background-meta":{"desktop":{"background-color":"var(--ast-global-color-5)","background-image":"","background-repeat":"repeat","background-position":"center center","background-size":"auto","background-attachment":"scroll","background-type":"","background-media":"","overlay-type":"","overlay-color":"","overlay-gradient":""},"tablet":{"background-color":"var(--ast-global-color-5)","background-image":"","background-repeat":"repeat","background-position":"center center","background-size":"auto","background-attachment":"scroll","background-type":"","background-media":"","overlay-type":"","overlay-color":"","overlay-gradient":""},"mobile":{"background-color":"var(--ast-global-color-5)","background-image":"","background-repeat":"repeat","background-position":"center center","background-size":"auto","background-attachment":"scroll","background-type":"","background-media":"","overlay-type":"","overlay-color":"","overlay-gradient":""}},"footnotes":""},"class_list":["post-1826","page","type-page","status-publish","hentry"],"aioseo_notices":[],"campaignId":"","_links":{"self":[{"href":"https:\/\/modernova.com.co\/index.php\/wp-json\/wp\/v2\/pages\/1826","targetHints":{"allow":["GET"]}}],"collection":[{"href":"https:\/\/modernova.com.co\/index.php\/wp-json\/wp\/v2\/pages"}],"about":[{"href":"https:\/\/modernova.com.co\/index.php\/wp-json\/wp\/v2\/types\/page"}],"author":[{"embeddable":true,"href":"https:\/\/modernova.com.co\/index.php\/wp-json\/wp\/v2\/users\/1"}],"replies":[{"embeddable":true,"href":"https:\/\/modernova.com.co\/index.php\/wp-json\/wp\/v2\/comments?post=1826"}],"version-history":[{"count":7,"href":"https:\/\/modernova.com.co\/index.php\/wp-json\/wp\/v2\/pages\/1826\/revisions"}],"predecessor-version":[{"id":1833,"href":"https:\/\/modernova.com.co\/index.php\/wp-json\/wp\/v2\/pages\/1826\/revisions\/1833"}],"wp:attachment":[{"href":"https:\/\/modernova.com.co\/index.php\/wp-json\/wp\/v2\/media?parent=1826"}],"curies":[{"name":"wp","href":"https:\/\/api.w.org\/{rel}","templated":true}]}}